{"id":3273,"date":"2025-08-07T11:35:39","date_gmt":"2025-08-07T11:35:39","guid":{"rendered":"https:\/\/ferme-empereur.fr\/?page_id=3273"},"modified":"2025-08-07T11:51:12","modified_gmt":"2025-08-07T11:51:12","slug":"mentions-legales","status":"publish","type":"page","link":"https:\/\/ferme-empereur.fr\/en\/mentions-legales\/","title":{"rendered":"Legal notices"},"content":{"rendered":"<div class=\"wp-block-uagb-container uagb-block-3e60707b alignfull uagb-is-root-container\"><div class=\"uagb-container-inner-blocks-wrap\">\n<div class=\"wp-block-uagb-advanced-heading uagb-block-6e4d8a21\"><h1 class=\"uagb-heading-text\">Legal notices<\/h1><\/div>\n\n\n\n<div class=\"wp-block-uagb-advanced-heading uagb-block-5f373acf\"><h2 class=\"uagb-heading-text\">Site editor:<\/h2><\/div>\n\n\n\n<div class=\"wp-block-uagb-advanced-heading uagb-block-cd98ece8\"><h3 class=\"uagb-heading-text\">The Emperor&#039;s Farm &nbsp;<br>Publication manager: Vincent Giraud &nbsp;<br>Address: 6773 route des plages, 83350 Ramatuelle &nbsp;<br>Email: ferme.empire@hotmail.fr &nbsp;<br>Telephone: +33 6 11 57 99 34<\/h3><\/div>\n\n\n\n<div class=\"wp-block-uagb-advanced-heading uagb-block-97d5a30f\"><h2 class=\"uagb-heading-text\">Accommodation:<\/h2><\/div>\n\n\n\n<div class=\"wp-block-uagb-advanced-heading uagb-block-3e9c008a\"><h3 class=\"uagb-heading-text\">Hostinger International Ltd &nbsp;<br>Address: 61 Lordou Vironos Street, 6023 Larnaca, Cyprus &nbsp;<br>Website: (https:\/\/www.hostinger.fr)<\/h3><\/div>\n\n\n\n<div class=\"wp-block-uagb-advanced-heading uagb-block-07a6168c\"><h2 class=\"uagb-heading-text\">Intellectual property:<\/h2><\/div>\n\n\n\n<div class=\"wp-block-uagb-advanced-heading uagb-block-554dd8a0\"><h3 class=\"uagb-heading-text\">All content on the site (texts, images, graphics, logos, videos, etc.) is the exclusive property of La Ferme de l&#039;Empereur, unless otherwise stated. &nbsp;<br>Any reproduction, distribution, modification, adaptation, retransmission or publication, even partial, is strictly prohibited without the prior written consent of Vincent Giraud.<\/h3><\/div>\n\n\n\n<div class=\"wp-block-uagb-advanced-heading uagb-block-db3e2674\"><h2 class=\"uagb-heading-text\">Photo credits:<\/h2><\/div>\n\n\n\n<div class=\"wp-block-uagb-advanced-heading uagb-block-8742a1a3\"><h3 class=\"uagb-heading-text\">Personal photographs \u2013 All rights reserved.<\/h3><\/div>\n\n\n\n<div class=\"wp-block-uagb-advanced-heading uagb-block-2ca7770f\"><h2 class=\"uagb-heading-text\">Cookies:<\/h2><\/div>\n\n\n\n<div class=\"wp-block-uagb-advanced-heading uagb-block-ccf5990e\"><h3 class=\"uagb-heading-text\">This site may use cookies for anonymous statistical or operational purposes. &nbsp;<br>No cookies are used for commercial or advertising purposes without your consent.<\/h3><\/div>\n\n\n\n<div class=\"wp-block-uagb-advanced-heading uagb-block-4e13c814\"><h2 class=\"uagb-heading-text\">Personal data:<\/h2><\/div>\n\n\n\n<div class=\"wp-block-uagb-advanced-heading uagb-block-88b90e82\"><h3 class=\"uagb-heading-text\">The data collected via the contact form is only used to respond to your requests. &nbsp;<br>They are neither resold nor used for other purposes. &nbsp;<br>In accordance with the French Data Protection Act and the GDPR, you have the right to access, rectify and delete your data. &nbsp;<br>To exercise this right, contact: ferme.empereur@hotmail.fr<\/h3><\/div>\n<\/div><\/div>\n\n\n\n<p><\/p>","protected":false},"excerpt":{"rendered":"<p>Mentions l\u00e9gales \u00c9diteur du site : La Ferme de l&rsquo;Empereur &nbsp;Responsable de publication : Vincent Giraud &nbsp;Adresse : 6773 route des plages, 83350 Ramatuelle &nbsp;Email : ferme.empereur@hotmail.fr &nbsp;T\u00e9l\u00e9phone : +33 6 11 57 99 34 H\u00e9bergement : Hostinger International Ltd &nbsp;Adresse : 61 Lordou Vironos Street, 6023 Larnaca, Chypre &nbsp;Site Web : (https:\/\/www.hostinger.fr) Propri\u00e9t\u00e9 intellectuelle&#8230;<\/p>","protected":false},"author":1,"featured_media":0,"parent":0,"menu_order":0,"comment_status":"closed","ping_status":"closed","template":"","meta":{"_uag_custom_page_level_css":"","_kad_post_transparent":"disable","_kad_post_title":"hide","_kad_post_layout":"","_kad_post_sidebar_id":"","_kad_post_content_style":"unboxed","_kad_post_vertical_padding":"hide","_kad_post_feature":"hide","_kad_post_feature_position":"","_kad_post_header":false,"_kad_post_footer":false,"footnotes":""},"class_list":["post-3273","page","type-page","status-publish","hentry"],"aioseo_notices":[],"uagb_featured_image_src":{"full":false,"thumbnail":false,"medium":false,"medium_large":false,"large":false,"1536x1536":false,"2048x2048":false,"trp-custom-language-flag":false},"uagb_author_info":{"display_name":"imaegiss@gmail.com","author_link":"https:\/\/ferme-empereur.fr\/en\/author\/imaegissgmail-com\/"},"uagb_comment_info":0,"uagb_excerpt":"Mentions l\u00e9gales \u00c9diteur du site : La Ferme de l&rsquo;Empereur &nbsp;Responsable de publication : Vincent Giraud &nbsp;Adresse : 6773 route des plages, 83350 Ramatuelle &nbsp;Email : ferme.empereur@hotmail.fr &nbsp;T\u00e9l\u00e9phone : +33 6 11 57 99 34 H\u00e9bergement : Hostinger International Ltd &nbsp;Adresse : 61 Lordou Vironos Street, 6023 Larnaca, Chypre &nbsp;Site Web : (https:\/\/www.hostinger.fr) Propri\u00e9t\u00e9 intellectuelle...","_links":{"self":[{"href":"https:\/\/ferme-empereur.fr\/en\/wp-json\/wp\/v2\/pages\/3273","targetHints":{"allow":["GET"]}}],"collection":[{"href":"https:\/\/ferme-empereur.fr\/en\/wp-json\/wp\/v2\/pages"}],"about":[{"href":"https:\/\/ferme-empereur.fr\/en\/wp-json\/wp\/v2\/types\/page"}],"author":[{"embeddable":true,"href":"https:\/\/ferme-empereur.fr\/en\/wp-json\/wp\/v2\/users\/1"}],"replies":[{"embeddable":true,"href":"https:\/\/ferme-empereur.fr\/en\/wp-json\/wp\/v2\/comments?post=3273"}],"version-history":[{"count":2,"href":"https:\/\/ferme-empereur.fr\/en\/wp-json\/wp\/v2\/pages\/3273\/revisions"}],"predecessor-version":[{"id":3284,"href":"https:\/\/ferme-empereur.fr\/en\/wp-json\/wp\/v2\/pages\/3273\/revisions\/3284"}],"wp:attachment":[{"href":"https:\/\/ferme-empereur.fr\/en\/wp-json\/wp\/v2\/media?parent=3273"}],"curies":[{"name":"wp","href":"https:\/\/api.w.org\/{rel}","templated":true}]}}