{"id":3276,"date":"2025-08-07T11:48:20","date_gmt":"2025-08-07T11:48:20","guid":{"rendered":"https:\/\/ferme-empereur.fr\/?page_id=3276"},"modified":"2025-08-07T11:50:08","modified_gmt":"2025-08-07T11:50:08","slug":"politique-de-confidentialite","status":"publish","type":"page","link":"https:\/\/ferme-empereur.fr\/en\/politique-de-confidentialite\/","title":{"rendered":"Privacy Policy"},"content":{"rendered":"<div class=\"wp-block-uagb-container uagb-block-7674227e alignfull uagb-is-root-container\"><div class=\"uagb-container-inner-blocks-wrap\">\n<div class=\"wp-block-uagb-advanced-heading uagb-block-ef045d14\"><h1 class=\"uagb-heading-text\">Privacy Policy<\/h1><\/div>\n\n\n\n<div class=\"wp-block-uagb-advanced-heading uagb-block-a5468747\"><h2 class=\"uagb-heading-text\">1. Collection of information<\/h2><\/div>\n\n\n\n<div class=\"wp-block-uagb-advanced-heading uagb-block-f1770389\"><h3 class=\"uagb-heading-text\">We collect information when you contact us via the website form or by email. &nbsp;<br>The data collected may include your name, email address, phone number and message.<\/h3><\/div>\n\n\n\n<div class=\"wp-block-uagb-advanced-heading uagb-block-24b5e403\"><h2 class=\"uagb-heading-text\">2. Use of data<\/h2><\/div>\n\n\n\n<div class=\"wp-block-uagb-advanced-heading uagb-block-59acfd93\"><h3 class=\"uagb-heading-text\">The data you send us is used only for:<br><br>\u2013 Answer you<br>\u2013 Manage your reservation or information requests<br>\u2013 Contact you if necessary<br><br>No data is used for commercial purposes or transmitted to third parties.<\/h3><\/div>\n\n\n\n<div class=\"wp-block-uagb-advanced-heading uagb-block-262e8cda\"><h2 class=\"uagb-heading-text\">3. Data retention<\/h2><\/div>\n\n\n\n<div class=\"wp-block-uagb-advanced-heading uagb-block-14bbab31\"><h3 class=\"uagb-heading-text\">Your data is kept for the duration necessary to process your request. &nbsp;<br>They are never shared, sold or rented.<\/h3><\/div>\n\n\n\n<div class=\"wp-block-uagb-advanced-heading uagb-block-cf3165bd\"><h2 class=\"uagb-heading-text\">4. Your rights<\/h2><\/div>\n\n\n\n<div class=\"wp-block-uagb-advanced-heading uagb-block-2eca1b7f\"><h3 class=\"uagb-heading-text\">In accordance with the General Data Protection Regulation (GDPR), you have the right to:<br><br>\u2013 access to your data<br>\u2013 rectification<br>\u2013 of deletion<br><br>To exercise these rights, you can contact us at the following address: &nbsp;<br>\ud83d\udce7 ferme.empereur@hotmail.fr<\/h3><\/div>\n\n\n\n<div class=\"wp-block-uagb-advanced-heading uagb-block-69cdf810\"><h2 class=\"uagb-heading-text\">5. Data security<\/h2><\/div>\n\n\n\n<div class=\"wp-block-uagb-advanced-heading uagb-block-3ccb8fba\"><h3 class=\"uagb-heading-text\">We implement all necessary measures to ensure the security of your personal data.<\/h3><\/div>\n\n\n\n<div class=\"wp-block-uagb-advanced-heading uagb-block-875c4392\"><h2 class=\"uagb-heading-text\">6. Cookies<\/h2><\/div>\n\n\n\n<div class=\"wp-block-uagb-advanced-heading uagb-block-ceaca527\"><h3 class=\"uagb-heading-text\">This site may use cookies for navigation and anonymous statistics purposes. &nbsp;<br>You can disable cookies in your browser settings.<\/h3><\/div>\n<\/div><\/div>\n\n\n\n<p><\/p>","protected":false},"excerpt":{"rendered":"<p>Politique de confidentialit\u00e9 1. Collecte des informations Nous collectons des informations lorsque vous nous contactez via le formulaire du site ou par e-mail. &nbsp;Les donn\u00e9es collect\u00e9es peuvent inclure votre nom, votre adresse e-mail, votre num\u00e9ro de t\u00e9l\u00e9phone et votre message. 2. Utilisation des donn\u00e9es Les donn\u00e9es que vous nous transmettez sont utilis\u00e9es uniquement pour :&#8230;<\/p>","protected":false},"author":1,"featured_media":0,"parent":0,"menu_order":0,"comment_status":"closed","ping_status":"closed","template":"","meta":{"_uag_custom_page_level_css":"","_kad_post_transparent":"disable","_kad_post_title":"hide","_kad_post_layout":"","_kad_post_sidebar_id":"","_kad_post_content_style":"unboxed","_kad_post_vertical_padding":"hide","_kad_post_feature":"hide","_kad_post_feature_position":"","_kad_post_header":false,"_kad_post_footer":false,"footnotes":""},"class_list":["post-3276","page","type-page","status-publish","hentry"],"aioseo_notices":[],"uagb_featured_image_src":{"full":false,"thumbnail":false,"medium":false,"medium_large":false,"large":false,"1536x1536":false,"2048x2048":false,"trp-custom-language-flag":false},"uagb_author_info":{"display_name":"imaegiss@gmail.com","author_link":"https:\/\/ferme-empereur.fr\/en\/author\/imaegissgmail-com\/"},"uagb_comment_info":0,"uagb_excerpt":"Politique de confidentialit\u00e9 1. Collecte des informations Nous collectons des informations lorsque vous nous contactez via le formulaire du site ou par e-mail. &nbsp;Les donn\u00e9es collect\u00e9es peuvent inclure votre nom, votre adresse e-mail, votre num\u00e9ro de t\u00e9l\u00e9phone et votre message. 2. Utilisation des donn\u00e9es Les donn\u00e9es que vous nous transmettez sont utilis\u00e9es uniquement pour :...","_links":{"self":[{"href":"https:\/\/ferme-empereur.fr\/en\/wp-json\/wp\/v2\/pages\/3276","targetHints":{"allow":["GET"]}}],"collection":[{"href":"https:\/\/ferme-empereur.fr\/en\/wp-json\/wp\/v2\/pages"}],"about":[{"href":"https:\/\/ferme-empereur.fr\/en\/wp-json\/wp\/v2\/types\/page"}],"author":[{"embeddable":true,"href":"https:\/\/ferme-empereur.fr\/en\/wp-json\/wp\/v2\/users\/1"}],"replies":[{"embeddable":true,"href":"https:\/\/ferme-empereur.fr\/en\/wp-json\/wp\/v2\/comments?post=3276"}],"version-history":[{"count":4,"href":"https:\/\/ferme-empereur.fr\/en\/wp-json\/wp\/v2\/pages\/3276\/revisions"}],"predecessor-version":[{"id":3283,"href":"https:\/\/ferme-empereur.fr\/en\/wp-json\/wp\/v2\/pages\/3276\/revisions\/3283"}],"wp:attachment":[{"href":"https:\/\/ferme-empereur.fr\/en\/wp-json\/wp\/v2\/media?parent=3276"}],"curies":[{"name":"wp","href":"https:\/\/api.w.org\/{rel}","templated":true}]}}