{"id":3273,"date":"2025-08-07T11:35:39","date_gmt":"2025-08-07T11:35:39","guid":{"rendered":"https:\/\/ferme-empereur.fr\/?page_id=3273"},"modified":"2025-08-07T11:51:12","modified_gmt":"2025-08-07T11:51:12","slug":"mentions-legales","status":"publish","type":"page","link":"https:\/\/ferme-empereur.fr\/fr\/mentions-legales\/","title":{"rendered":"Mentions l\u00e9gales"},"content":{"rendered":"\n<div class=\"wp-block-uagb-container uagb-block-3e60707b alignfull uagb-is-root-container\"><div class=\"uagb-container-inner-blocks-wrap\">\n<div class=\"wp-block-uagb-advanced-heading uagb-block-6e4d8a21\"><h1 class=\"uagb-heading-text\">Mentions l\u00e9gales<\/h1><\/div>\n\n\n\n<div class=\"wp-block-uagb-advanced-heading uagb-block-5f373acf\"><h2 class=\"uagb-heading-text\">\u00c9diteur du site :<\/h2><\/div>\n\n\n\n<div class=\"wp-block-uagb-advanced-heading uagb-block-cd98ece8\"><h3 class=\"uagb-heading-text\">La Ferme de l&rsquo;Empereur &nbsp;<br>Responsable de publication : Vincent Giraud &nbsp;<br>Adresse : 6773 route des plages, 83350 Ramatuelle &nbsp;<br>Email : ferme.empereur@hotmail.fr &nbsp;<br>T\u00e9l\u00e9phone : +33 6 11 57 99 34<\/h3><\/div>\n\n\n\n<div class=\"wp-block-uagb-advanced-heading uagb-block-97d5a30f\"><h2 class=\"uagb-heading-text\">H\u00e9bergement :<\/h2><\/div>\n\n\n\n<div class=\"wp-block-uagb-advanced-heading uagb-block-3e9c008a\"><h3 class=\"uagb-heading-text\">Hostinger International Ltd &nbsp;<br>Adresse : 61 Lordou Vironos Street, 6023 Larnaca, Chypre &nbsp;<br>Site Web : (https:\/\/www.hostinger.fr)<\/h3><\/div>\n\n\n\n<div class=\"wp-block-uagb-advanced-heading uagb-block-07a6168c\"><h2 class=\"uagb-heading-text\">Propri\u00e9t\u00e9 intellectuelle :<\/h2><\/div>\n\n\n\n<div class=\"wp-block-uagb-advanced-heading uagb-block-554dd8a0\"><h3 class=\"uagb-heading-text\">L\u2019ensemble du contenu du site (textes, images, graphismes, logo, vid\u00e9os, etc.) est la propri\u00e9t\u00e9 exclusive de La Ferme de l\u2019Empereur, sauf mentions contraires. &nbsp;<br>Toute reproduction, distribution, modification, adaptation, retransmission ou publication, m\u00eame partielle, est strictement interdite sans l&rsquo;accord pr\u00e9alable \u00e9crit de Vincent Giraud.<\/h3><\/div>\n\n\n\n<div class=\"wp-block-uagb-advanced-heading uagb-block-db3e2674\"><h2 class=\"uagb-heading-text\">Cr\u00e9dits photos :<\/h2><\/div>\n\n\n\n<div class=\"wp-block-uagb-advanced-heading uagb-block-8742a1a3\"><h3 class=\"uagb-heading-text\">Photographies personnelles \u2013 Tous droits r\u00e9serv\u00e9s.<\/h3><\/div>\n\n\n\n<div class=\"wp-block-uagb-advanced-heading uagb-block-2ca7770f\"><h2 class=\"uagb-heading-text\">Cookies :<\/h2><\/div>\n\n\n\n<div class=\"wp-block-uagb-advanced-heading uagb-block-ccf5990e\"><h3 class=\"uagb-heading-text\">Ce site peut utiliser des cookies \u00e0 des fins de statistiques anonymes ou de fonctionnement. &nbsp;<br>Aucun cookie n\u2019est utilis\u00e9 \u00e0 des fins commerciales ou publicitaires sans votre consentement.<\/h3><\/div>\n\n\n\n<div class=\"wp-block-uagb-advanced-heading uagb-block-4e13c814\"><h2 class=\"uagb-heading-text\">Donn\u00e9es personnelles :<\/h2><\/div>\n\n\n\n<div class=\"wp-block-uagb-advanced-heading uagb-block-88b90e82\"><h3 class=\"uagb-heading-text\">Les donn\u00e9es collect\u00e9es via le formulaire de contact ne sont utilis\u00e9es que pour r\u00e9pondre \u00e0 vos demandes. &nbsp;<br>Elles ne sont ni revendues, ni utilis\u00e9es \u00e0 d&rsquo;autres fins. &nbsp;<br>Conform\u00e9ment \u00e0 la loi \u00ab Informatique et Libert\u00e9s \u00bb et au RGPD, vous disposez d\u2019un droit d\u2019acc\u00e8s, de rectification et de suppression de vos donn\u00e9es. &nbsp;<br>Pour exercer ce droit, contactez : ferme.empereur@hotmail.fr<\/h3><\/div>\n<\/div><\/div>\n\n\n\n<p><\/p>\n","protected":false},"excerpt":{"rendered":"<p>Mentions l\u00e9gales \u00c9diteur du site : La Ferme de l&rsquo;Empereur &nbsp;Responsable de publication : Vincent Giraud &nbsp;Adresse : 6773 route des plages, 83350 Ramatuelle &nbsp;Email : ferme.empereur@hotmail.fr &nbsp;T\u00e9l\u00e9phone : +33 6 11 57 99 34 H\u00e9bergement : Hostinger International Ltd &nbsp;Adresse : 61 Lordou Vironos Street, 6023 Larnaca, Chypre &nbsp;Site Web : (https:\/\/www.hostinger.fr) Propri\u00e9t\u00e9 intellectuelle&#8230;<\/p>\n","protected":false},"author":1,"featured_media":0,"parent":0,"menu_order":0,"comment_status":"closed","ping_status":"closed","template":"","meta":{"_uag_custom_page_level_css":"","_kad_post_transparent":"disable","_kad_post_title":"hide","_kad_post_layout":"","_kad_post_sidebar_id":"","_kad_post_content_style":"unboxed","_kad_post_vertical_padding":"hide","_kad_post_feature":"hide","_kad_post_feature_position":"","_kad_post_header":false,"_kad_post_footer":false,"footnotes":""},"class_list":["post-3273","page","type-page","status-publish","hentry"],"aioseo_notices":[],"uagb_featured_image_src":{"full":false,"thumbnail":false,"medium":false,"medium_large":false,"large":false,"1536x1536":false,"2048x2048":false,"trp-custom-language-flag":false},"uagb_author_info":{"display_name":"imaegiss@gmail.com","author_link":"https:\/\/ferme-empereur.fr\/fr\/author\/imaegissgmail-com\/"},"uagb_comment_info":0,"uagb_excerpt":"Mentions l\u00e9gales \u00c9diteur du site : La Ferme de l&rsquo;Empereur &nbsp;Responsable de publication : Vincent Giraud &nbsp;Adresse : 6773 route des plages, 83350 Ramatuelle &nbsp;Email : ferme.empereur@hotmail.fr &nbsp;T\u00e9l\u00e9phone : +33 6 11 57 99 34 H\u00e9bergement : Hostinger International Ltd &nbsp;Adresse : 61 Lordou Vironos Street, 6023 Larnaca, Chypre &nbsp;Site Web : (https:\/\/www.hostinger.fr) Propri\u00e9t\u00e9 intellectuelle...","_links":{"self":[{"href":"https:\/\/ferme-empereur.fr\/fr\/wp-json\/wp\/v2\/pages\/3273","targetHints":{"allow":["GET"]}}],"collection":[{"href":"https:\/\/ferme-empereur.fr\/fr\/wp-json\/wp\/v2\/pages"}],"about":[{"href":"https:\/\/ferme-empereur.fr\/fr\/wp-json\/wp\/v2\/types\/page"}],"author":[{"embeddable":true,"href":"https:\/\/ferme-empereur.fr\/fr\/wp-json\/wp\/v2\/users\/1"}],"replies":[{"embeddable":true,"href":"https:\/\/ferme-empereur.fr\/fr\/wp-json\/wp\/v2\/comments?post=3273"}],"version-history":[{"count":2,"href":"https:\/\/ferme-empereur.fr\/fr\/wp-json\/wp\/v2\/pages\/3273\/revisions"}],"predecessor-version":[{"id":3284,"href":"https:\/\/ferme-empereur.fr\/fr\/wp-json\/wp\/v2\/pages\/3273\/revisions\/3284"}],"wp:attachment":[{"href":"https:\/\/ferme-empereur.fr\/fr\/wp-json\/wp\/v2\/media?parent=3273"}],"curies":[{"name":"wp","href":"https:\/\/api.w.org\/{rel}","templated":true}]}}